{"id":64,"date":"2020-03-07T11:02:29","date_gmt":"2020-03-07T11:02:29","guid":{"rendered":"https:\/\/best-cellar-raz.de\/?page_id=64"},"modified":"2022-10-04T13:26:17","modified_gmt":"2022-10-04T13:26:17","slug":"ingo","status":"publish","type":"page","link":"https:\/\/best-cellar-raz.de\/index.php\/ingo\/","title":{"rendered":"Ingo H\u00e4berlein"},"content":{"rendered":"\n<p> <\/p>\n\n\n\n<p>Mit 12 begann ich Gitarre bei Otto Momberger zu studieren. Er f\u00fchrte mich an, in und um die Gitarre und zwar nach dem Motto: Gitarre von allen Seiten. Von ihm lernte ich Bilder, Phantasien und Tr\u00e4ume h\u00f6rbar zu machen. Experimentieren, jammen und improvisieren und auch mal andere Instrumente anfassen. Das war so mein Ding.&nbsp;<\/p>\n\n\n\n<p>Meine musikalische Heimat ist so alles was man mit einer Akustikgitarre machen kann. Klar,&nbsp; Singer &amp; Songwriter, aber auch Rock, Blues, und Jazz. Ich mag mich da nicht festlegen.&nbsp;<\/p>\n\n\n\n<p>Tja, und irgendwann wurde ein Bassist f\u00fcr eine neue Band gebraucht. Ich dacht: \u201eKein Ding, wer Gitarre spielen kann, kann auch bassen\u201c. Weit gefehlt. Schnell wurde mir klar, dass der Bass wesentlich mehr sein kann und eine Welt f\u00fcr sich bietet. Also, studierte ich ab 2010 f\u00fcr drei Jahre Bass bei Pogy Poganiatz. T\u00fcren \u00f6ffneten sich, R\u00e4ume weiteten sich, darin Ungeahntes. Danke Pogy!<\/p>\n\n\n\n<p>Meine Heimat als \u201eBasser\u201c ist die Cover Rockband &#8211; Best Cellar R@z. Power Rock, Rock Balladen, Funk, Blues. Musik vieler musikalischer Helden aus 50 Jahren Rock-Geschichte. Hier wird sie wieder lebendig. Und immer wieder erlebe ich: \u201eGl\u00fcck ist, wenn der Bass einsetzt\u201c.<\/p>\n\n\n\n<p><a href=\"mailto:ingo@best-cellar-raz.de\">mailto:ingo@best-cellar-raz.de<\/a><\/p>\n\n\n\n<div class=\"wp-block-flagallery-gallery flagallery-shortcode\"><div class=\"flagallery amron_skin\" id=\"FlaGallery_sc1_2\" ><style type=\"text\/css\" class=\"flagallery_skin_style_import\">body > .flagallery-wrapper > div.flagallery { overflow: visible !important; }<\/style><script type=\"application\/json\" class=\"FlaGallery_sc1_2\">{\"settings\":{\"collectionThumbColumns\":\"3\",\"collectionThumbRecomendedWidth\":\"260\",\"collectionPreloaderColor\":\"#333333\",\"linkTargetWindow\":\"_blank\",\"thumbSpacing\":\"10\",\"tagsFilter\":\"0\",\"tagCloudSort\":\"1\",\"tagCloudAll\":\"All\",\"tagCloudAllTagPresented\":\"1\",\"tagCloudStartIndex\":\"0\",\"tagCloudTextColor\":\"#000000\",\"tagCloudBgColor\":\"#eeeeee\",\"collectionThumbHoverColor\":\"rgba(0, 0, 0, .7)\",\"collectionThumbContentBGColor\":\"rgba(245,245,245,1)\",\"collectionThumbTitleShow\":\"1\",\"collectionThumbTitleColor\":\"rgba(0,0,0,1)\",\"collectionThumbFontSize\":\"18\",\"collectionThumbDescriptionShow\":\"1\",\"collectionThumbDescriptionColor\":\"rgba(0,0,0,1)\",\"collectionThumbDescriptionFontSize\":\"15\",\"collectionReadMoreButtonLabel\":\"Read More\",\"collectionReadMoreButtonLabelColor\":\"rgba(255, 255, 255, 1)\",\"collectionReadMoreButtonBGColor\":\"rgba(0, 0, 0, 1)\",\"collectionReadMoreButtonLabelColorHover\":\"rgba(0, 0, 0, 1)\",\"collectionReadMoreButtonBGColorHover\":\"rgba(235,235,235,1)\",\"modaBgColor\":\"rgba(0,0,0,0.9)\",\"modalInfoBoxBgColor\":\"rgba(255,255,255,1)\",\"modalInfoBoxTitleTextColor\":\"rgba(0,0,0,1)\",\"modalInfoBoxTextColor\":\"rgba(70,70,70,1)\",\"infoBarExifEnable\":\"0\",\"infoBarCountersEnable\":\"1\",\"infoBarDateInfoEnable\":\"1\",\"lightBoxEnable\":\"1\",\"copyR_Protection\":\"0\",\"copyR_Alert\":\"Hello, this photo is mine!\",\"sliderScrollNavi\":\"0\",\"sliderNextPrevAnimation\":\"animation\",\"sliderPreloaderColor\":\"#ffffff\",\"sliderBgColor\":\"rgba(0,0,0,0.8)\",\"sliderHeaderFooterBgColor\":\"#000000\",\"sliderNavigationColor\":\"rgba(0,0,0,1)\",\"sliderNavigationIconColor\":\"rgba(255,255,255,1)\",\"sliderNavigationColorOver\":\"rgba(255,255,255,1)\",\"sliderNavigationIconColorOver\":\"rgba(0,0,0,1)\",\"sliderItemTitleEnable\":\"1\",\"sliderItemTitleFontSize\":\"24\",\"sliderItemTitleTextColor\":\"#ffffff\",\"sliderThumbBarEnable\":\"0\",\"sliderThumbBarHoverColor\":\"#ffffff\",\"sliderThumbSubMenuBackgroundColor\":\"rgba(0,0,0,1)\",\"sliderThumbSubMenuBackgroundColorOver\":\"rgba(255,255,255,1)\",\"sliderThumbSubMenuIconColor\":\"rgba(255,255,255,1)\",\"sliderThumbSubMenuIconHoverColor\":\"rgba(0,0,0,1)\",\"sliderPlayButton\":\"0\",\"slideshowDelay\":\"8\",\"slideshowProgressBarColor\":\"rgba(255,255,255,1)\",\"slideshowProgressBarBGColor\":\"rgba(255,255,255,0.6)\",\"sliderInfoEnable\":\"1\",\"sliderZoomButton\":\"1\",\"sliderItemDownload\":\"0\",\"sliderSocialShareEnabled\":\"1\",\"sliderLikesEnabled\":\"1\",\"sliderFullScreen\":\"1\",\"customCSS\":\"body > .flagallery-wrapper > div.flagallery { overflow: visible !important; }\",\"key\":\"\",\"name\":\"\",\"galleryID\":\"sc1_2\",\"post_url\":\"https:\\\/\\\/best-cellar-raz.de\\\/wp-json\\\/wp\\\/v2\\\/pages\\\/64\",\"module_url\":\"https:\\\/\\\/best-cellar-raz.de\\\/wp-content\\\/plugins\\\/flagallery-skins\\\/amron\\\/\"}, \"data\":[{\"gallery\":{\"gid\":\"2\",\"name\":\"ingo\",\"path\":\"https:\\\/\\\/best-cellar-raz.de\\\/wp-content\\\/flagallery\\\/ingo\",\"title\":\"Ingo\",\"galdesc\":\"\"},\"data\":[{\"pid\":\"9\",\"filename\":\"8015af065f49.jpg\",\"description\":\"\",\"alttext\":\"\",\"link\":null,\"imagedate\":\"2018-06-23 21:07:31\",\"hitcounter\":\"20\",\"total_value\":\"0\",\"total_votes\":\"0\",\"meta_data\":{\"aperture\":false,\"credit\":false,\"camera\":false,\"caption\":false,\"created_timestamp\":\"M\\u00e4rz 7, 2020 3:07 pm\",\"copyright\":false,\"focal_length\":false,\"iso\":false,\"shutter_speed\":false,\"flash\":false,\"title\":false,\"keywords\":false,\"width\":1200,\"height\":1200,\"saved\":true,\"thumbnail\":{\"width\":400,\"height\":400},\"webview\":{\"0\":1200,\"1\":1200,\"2\":2,\"3\":\"width=\\\"1200\\\" height=\\\"1200\\\"\",\"bits\":8,\"channels\":3,\"mime\":\"image\\\/jpeg\"}}},{\"pid\":\"10\",\"filename\":\"best_cellar_raz_weilheim-17-von-34.jpg\",\"description\":\"\",\"alttext\":\"\",\"link\":null,\"imagedate\":\"2019-01-12 21:04:19\",\"hitcounter\":\"15\",\"total_value\":\"0\",\"total_votes\":\"0\",\"meta_data\":{\"aperture\":\"F 2.2\",\"credit\":false,\"camera\":\"ILCE-6500\",\"caption\":false,\"created_timestamp\":\"M\\u00e4rz 7, 2020 2:54 pm\",\"copyright\":false,\"focal_length\":\"50mm\",\"iso\":1600,\"shutter_speed\":\"1\\\/130sec\",\"flash\":\"Not fired\",\"title\":false,\"keywords\":false,\"width\":800,\"height\":1200,\"saved\":true,\"thumbnail\":{\"width\":266,\"height\":400},\"webview\":{\"0\":800,\"1\":1200,\"2\":2,\"3\":\"width=\\\"800\\\" height=\\\"1200\\\"\",\"bits\":8,\"channels\":3,\"mime\":\"image\\\/jpeg\"}}},{\"pid\":\"11\",\"filename\":\"best_cellar_raz_weilheim-20-von-34.jpg\",\"description\":\"\",\"alttext\":\"\",\"link\":null,\"imagedate\":\"2019-01-12 21:06:38\",\"hitcounter\":\"15\",\"total_value\":\"0\",\"total_votes\":\"1\",\"meta_data\":{\"aperture\":\"F 5.6\",\"credit\":false,\"camera\":\"ILCE-6500\",\"caption\":false,\"created_timestamp\":\"M\\u00e4rz 7, 2020 2:54 pm\",\"copyright\":false,\"focal_length\":\"122mm\",\"iso\":6400,\"shutter_speed\":\"1\\\/130sec\",\"flash\":\"Not fired\",\"title\":false,\"keywords\":false,\"width\":1200,\"height\":800,\"saved\":true,\"thumbnail\":{\"width\":400,\"height\":266},\"webview\":{\"0\":1200,\"1\":800,\"2\":2,\"3\":\"width=\\\"1200\\\" height=\\\"800\\\"\",\"bits\":8,\"channels\":3,\"mime\":\"image\\\/jpeg\"}}},{\"pid\":\"12\",\"filename\":\"img_8090.jpg\",\"description\":\"\",\"alttext\":\"\",\"link\":null,\"imagedate\":\"2018-06-23 13:53:41\",\"hitcounter\":\"14\",\"total_value\":\"0\",\"total_votes\":\"0\",\"meta_data\":{\"aperture\":\"F 1.8\",\"credit\":false,\"camera\":\"iPhone X\",\"caption\":false,\"created_timestamp\":\"M\\u00e4rz 7, 2020 3:08 pm\",\"copyright\":false,\"focal_length\":\"4mm\",\"iso\":20,\"shutter_speed\":\"1\\\/410sec\",\"flash\":\"Not fired\",\"title\":false,\"keywords\":false,\"width\":1200,\"height\":1200,\"saved\":true,\"thumbnail\":{\"width\":400,\"height\":400},\"webview\":{\"0\":1200,\"1\":1200,\"2\":2,\"3\":\"width=\\\"1200\\\" height=\\\"1200\\\"\",\"bits\":8,\"channels\":3,\"mime\":\"image\\\/jpeg\"}}},{\"pid\":\"13\",\"filename\":\"img_8111.jpg\",\"description\":\"\",\"alttext\":\"\",\"link\":null,\"imagedate\":\"2018-06-23 15:37:16\",\"hitcounter\":\"17\",\"total_value\":\"0\",\"total_votes\":\"0\",\"meta_data\":{\"aperture\":\"F 1.8\",\"credit\":false,\"camera\":\"iPhone X\",\"caption\":false,\"created_timestamp\":\"M\\u00e4rz 7, 2020 3:08 pm\",\"copyright\":false,\"focal_length\":\"4mm\",\"iso\":20,\"shutter_speed\":\"1\\\/790sec\",\"flash\":\"Not fired\",\"title\":false,\"keywords\":false,\"width\":1200,\"height\":1200,\"saved\":true,\"thumbnail\":{\"width\":400,\"height\":400},\"webview\":{\"0\":1200,\"1\":1200,\"2\":2,\"3\":\"width=\\\"1200\\\" height=\\\"1200\\\"\",\"bits\":8,\"channels\":3,\"mime\":\"image\\\/jpeg\"}}},{\"pid\":\"14\",\"filename\":\"img_e8130.jpg\",\"description\":\"\",\"alttext\":\"\",\"link\":null,\"imagedate\":\"2018-06-23 16:08:58\",\"hitcounter\":\"16\",\"total_value\":\"0\",\"total_votes\":\"0\",\"meta_data\":{\"aperture\":\"F 2.4\",\"credit\":false,\"camera\":\"iPhone X\",\"caption\":false,\"created_timestamp\":\"M\\u00e4rz 7, 2020 3:09 pm\",\"copyright\":false,\"focal_length\":\"6mm\",\"iso\":20,\"shutter_speed\":\"1\\\/120sec\",\"flash\":\"Not fired\",\"title\":false,\"keywords\":false,\"width\":1200,\"height\":1200,\"saved\":true,\"thumbnail\":{\"width\":400,\"height\":400},\"webview\":{\"0\":1200,\"1\":1200,\"2\":2,\"3\":\"width=\\\"1200\\\" height=\\\"1200\\\"\",\"bits\":8,\"channels\":3,\"mime\":\"image\\\/jpeg\"}}},{\"pid\":\"15\",\"filename\":\"img_e8125.jpg\",\"description\":\"\",\"alttext\":\"\",\"link\":null,\"imagedate\":\"2018-06-23 16:08:25\",\"hitcounter\":\"15\",\"total_value\":\"0\",\"total_votes\":\"0\",\"meta_data\":{\"aperture\":\"F 2.4\",\"credit\":false,\"camera\":\"iPhone X\",\"caption\":false,\"created_timestamp\":\"M\\u00e4rz 7, 2020 3:09 pm\",\"copyright\":false,\"focal_length\":\"6mm\",\"iso\":16,\"shutter_speed\":\"1\\\/120sec\",\"flash\":\"Not fired\",\"title\":false,\"keywords\":false,\"width\":1200,\"height\":1200,\"saved\":true,\"thumbnail\":{\"width\":400,\"height\":400},\"webview\":{\"0\":1200,\"1\":1200,\"2\":2,\"3\":\"width=\\\"1200\\\" height=\\\"1200\\\"\",\"bits\":8,\"channels\":3,\"mime\":\"image\\\/jpeg\"}}},{\"pid\":\"16\",\"filename\":\"img_8021.jpg\",\"description\":\"\",\"alttext\":\"\",\"link\":null,\"imagedate\":\"2018-06-23 11:14:46\",\"hitcounter\":\"15\",\"total_value\":\"0\",\"total_votes\":\"0\",\"meta_data\":{\"aperture\":\"F 1.8\",\"credit\":false,\"camera\":\"iPhone X\",\"caption\":false,\"created_timestamp\":\"M\\u00e4rz 7, 2020 3:07 pm\",\"copyright\":false,\"focal_length\":\"4mm\",\"iso\":20,\"shutter_speed\":\"1\\\/1200sec\",\"flash\":\"Not fired\",\"title\":false,\"keywords\":false,\"width\":1200,\"height\":675,\"saved\":true,\"thumbnail\":{\"width\":400,\"height\":225},\"webview\":{\"0\":1200,\"1\":675,\"2\":2,\"3\":\"width=\\\"1200\\\" height=\\\"675\\\"\",\"bits\":8,\"channels\":3,\"mime\":\"image\\\/jpeg\"}}},{\"pid\":\"17\",\"filename\":\"img_9216.jpg\",\"description\":\"\",\"alttext\":\"\",\"link\":null,\"imagedate\":\"2017-12-04 21:32:55\",\"hitcounter\":\"14\",\"total_value\":\"0\",\"total_votes\":\"0\",\"meta_data\":{\"aperture\":\"F 1.8\",\"credit\":false,\"camera\":\"Canon EOS 7D\",\"caption\":false,\"created_timestamp\":\"M\\u00e4rz 7, 2020 2:38 pm\",\"copyright\":false,\"focal_length\":\"50mm\",\"iso\":640,\"shutter_speed\":\"1\\\/80sec\",\"flash\":\"Not fired\",\"title\":false,\"keywords\":false,\"width\":5184,\"height\":3456,\"saved\":true,\"thumbnail\":{\"width\":400,\"height\":266},\"webview\":{\"0\":2000,\"1\":1333,\"2\":2,\"3\":\"width=\\\"2000\\\" height=\\\"1333\\\"\",\"bits\":8,\"channels\":3,\"mime\":\"image\\\/jpeg\"}}},{\"pid\":\"18\",\"filename\":\"img_9270.jpg\",\"description\":\"\",\"alttext\":\"\",\"link\":null,\"imagedate\":\"2017-12-04 21:36:48\",\"hitcounter\":\"13\",\"total_value\":\"0\",\"total_votes\":\"0\",\"meta_data\":{\"aperture\":\"F 1.8\",\"credit\":false,\"camera\":\"Canon EOS 7D\",\"caption\":false,\"created_timestamp\":\"M\\u00e4rz 7, 2020 2:38 pm\",\"copyright\":false,\"focal_length\":\"50mm\",\"iso\":1000,\"shutter_speed\":\"1\\\/80sec\",\"flash\":\"Not fired\",\"title\":false,\"keywords\":false,\"width\":3456,\"height\":5184,\"saved\":true,\"thumbnail\":{\"width\":266,\"height\":400},\"webview\":{\"0\":1333,\"1\":2000,\"2\":2,\"3\":\"width=\\\"1333\\\" height=\\\"2000\\\"\",\"bits\":8,\"channels\":3,\"mime\":\"image\\\/jpeg\"}}},{\"pid\":\"19\",\"filename\":\"img_9291.jpg\",\"description\":\"\",\"alttext\":\"\",\"link\":null,\"imagedate\":\"2017-12-04 21:40:51\",\"hitcounter\":\"13\",\"total_value\":\"0\",\"total_votes\":\"0\",\"meta_data\":{\"aperture\":\"F 1.8\",\"credit\":false,\"camera\":\"Canon EOS 7D\",\"caption\":false,\"created_timestamp\":\"M\\u00e4rz 7, 2020 2:38 pm\",\"copyright\":false,\"focal_length\":\"50mm\",\"iso\":1000,\"shutter_speed\":\"1\\\/80sec\",\"flash\":\"Not fired\",\"title\":false,\"keywords\":false,\"width\":3456,\"height\":5184,\"saved\":true,\"thumbnail\":{\"width\":266,\"height\":400},\"webview\":{\"0\":1333,\"1\":2000,\"2\":2,\"3\":\"width=\\\"1333\\\" height=\\\"2000\\\"\",\"bits\":8,\"channels\":3,\"mime\":\"image\\\/jpeg\"}}},{\"pid\":\"20\",\"filename\":\"img_9239.jpg\",\"description\":\"\",\"alttext\":\"\",\"link\":null,\"imagedate\":\"2017-12-04 21:35:00\",\"hitcounter\":\"14\",\"total_value\":\"0\",\"total_votes\":\"0\",\"meta_data\":{\"aperture\":\"F 1.8\",\"credit\":false,\"camera\":\"Canon EOS 7D\",\"caption\":false,\"created_timestamp\":\"M\\u00e4rz 7, 2020 2:38 pm\",\"copyright\":false,\"focal_length\":\"50mm\",\"iso\":640,\"shutter_speed\":\"1\\\/80sec\",\"flash\":\"Not fired\",\"title\":false,\"keywords\":false,\"width\":3456,\"height\":5184,\"saved\":true,\"thumbnail\":{\"width\":266,\"height\":400},\"webview\":{\"0\":1333,\"1\":2000,\"2\":2,\"3\":\"width=\\\"1333\\\" height=\\\"2000\\\"\",\"bits\":8,\"channels\":3,\"mime\":\"image\\\/jpeg\"}}},{\"pid\":\"21\",\"filename\":\"img_9376.jpg\",\"description\":\"\",\"alttext\":\"\",\"link\":null,\"imagedate\":\"2017-12-04 21:50:14\",\"hitcounter\":\"10\",\"total_value\":\"0\",\"total_votes\":\"0\",\"meta_data\":{\"aperture\":\"F 8\",\"credit\":false,\"camera\":\"Canon EOS 7D\",\"caption\":false,\"created_timestamp\":\"M\\u00e4rz 7, 2020 2:39 pm\",\"copyright\":false,\"focal_length\":\"17mm\",\"iso\":320,\"shutter_speed\":\"1\\\/0sec\",\"flash\":\"Not fired\",\"title\":false,\"keywords\":false,\"width\":5184,\"height\":3456,\"saved\":true,\"thumbnail\":{\"width\":400,\"height\":266},\"webview\":{\"0\":2000,\"1\":1333,\"2\":2,\"3\":\"width=\\\"2000\\\" height=\\\"1333\\\"\",\"bits\":8,\"channels\":3,\"mime\":\"image\\\/jpeg\"}}},{\"pid\":\"22\",\"filename\":\"img_9340.jpg\",\"description\":\"\",\"alttext\":\"\",\"link\":null,\"imagedate\":\"2017-12-04 21:45:16\",\"hitcounter\":\"10\",\"total_value\":\"0\",\"total_votes\":\"0\",\"meta_data\":{\"aperture\":\"F 1.8\",\"credit\":false,\"camera\":\"Canon EOS 7D\",\"caption\":false,\"created_timestamp\":\"M\\u00e4rz 7, 2020 2:38 pm\",\"copyright\":false,\"focal_length\":\"50mm\",\"iso\":1000,\"shutter_speed\":\"1\\\/160sec\",\"flash\":\"Not fired\",\"title\":false,\"keywords\":false,\"width\":5184,\"height\":3456,\"saved\":true,\"thumbnail\":{\"width\":400,\"height\":266},\"webview\":{\"0\":2000,\"1\":1333,\"2\":2,\"3\":\"width=\\\"2000\\\" height=\\\"1333\\\"\",\"bits\":8,\"channels\":3,\"mime\":\"image\\\/jpeg\"}}},{\"pid\":\"23\",\"filename\":\"img_8120.jpg\",\"description\":\"\",\"alttext\":\"\",\"link\":null,\"imagedate\":\"2018-06-23 16:07:37\",\"hitcounter\":\"13\",\"total_value\":\"0\",\"total_votes\":\"0\",\"meta_data\":{\"aperture\":\"F 1.8\",\"credit\":false,\"camera\":\"iPhone X\",\"caption\":false,\"created_timestamp\":\"M\\u00e4rz 7, 2020 3:08 pm\",\"copyright\":false,\"focal_length\":\"4mm\",\"iso\":20,\"shutter_speed\":\"1\\\/300sec\",\"flash\":\"Not fired\",\"title\":false,\"keywords\":false,\"width\":1200,\"height\":675,\"saved\":true,\"thumbnail\":{\"width\":400,\"height\":225},\"webview\":{\"0\":1200,\"1\":675,\"2\":2,\"3\":\"width=\\\"1200\\\" height=\\\"675\\\"\",\"bits\":8,\"channels\":3,\"mime\":\"image\\\/jpeg\"}}},{\"pid\":\"73\",\"filename\":\"snapshot4.jpg\",\"description\":\"\",\"alttext\":\"\",\"link\":null,\"imagedate\":\"2020-03-09 14:49:43\",\"hitcounter\":\"11\",\"total_value\":\"0\",\"total_votes\":\"0\",\"meta_data\":{\"aperture\":false,\"credit\":false,\"camera\":false,\"caption\":false,\"created_timestamp\":false,\"copyright\":false,\"focal_length\":false,\"iso\":false,\"shutter_speed\":false,\"flash\":false,\"title\":false,\"keywords\":false,\"width\":1920,\"height\":1080,\"saved\":true,\"thumbnail\":{\"width\":400,\"height\":225},\"webview\":{\"0\":1920,\"1\":1080,\"2\":2,\"3\":\"width=\\\"1920\\\" height=\\\"1080\\\"\",\"bits\":8,\"channels\":3,\"mime\":\"image\\\/jpeg\"}}},{\"pid\":\"74\",\"filename\":\"snapshot0.jpg\",\"description\":\"\",\"alttext\":\"\",\"link\":null,\"imagedate\":\"2020-03-09 14:49:43\",\"hitcounter\":\"11\",\"total_value\":\"0\",\"total_votes\":\"0\",\"meta_data\":{\"aperture\":false,\"credit\":false,\"camera\":false,\"caption\":false,\"created_timestamp\":false,\"copyright\":false,\"focal_length\":false,\"iso\":false,\"shutter_speed\":false,\"flash\":false,\"title\":false,\"keywords\":false,\"width\":1920,\"height\":1080,\"saved\":true,\"thumbnail\":{\"width\":400,\"height\":225},\"webview\":{\"0\":1920,\"1\":1080,\"2\":2,\"3\":\"width=\\\"1920\\\" height=\\\"1080\\\"\",\"bits\":8,\"channels\":3,\"mime\":\"image\\\/jpeg\"}}},{\"pid\":\"82\",\"filename\":\"img_e8560.jpg\",\"description\":\"\",\"alttext\":\"\",\"link\":null,\"imagedate\":\"2018-07-20 18:31:33\",\"hitcounter\":\"11\",\"total_value\":\"0\",\"total_votes\":\"0\",\"meta_data\":{\"aperture\":\"F 2.4\",\"credit\":false,\"camera\":\"iPhone X\",\"caption\":false,\"created_timestamp\":\"M\\u00e4rz 9, 2020 2:57 pm\",\"copyright\":false,\"focal_length\":\"6mm\",\"iso\":160,\"shutter_speed\":\"1\\\/20sec\",\"flash\":\"Not fired\",\"title\":false,\"keywords\":false,\"width\":1200,\"height\":1200,\"saved\":true,\"thumbnail\":{\"width\":400,\"height\":400},\"webview\":{\"0\":1200,\"1\":1200,\"2\":2,\"3\":\"width=\\\"1200\\\" height=\\\"1200\\\"\",\"bits\":8,\"channels\":3,\"mime\":\"image\\\/jpeg\"}}},{\"pid\":\"83\",\"filename\":\"img_0617-4.jpg\",\"description\":\"\",\"alttext\":\"\",\"link\":null,\"imagedate\":\"2018-04-14 19:33:33\",\"hitcounter\":\"10\",\"total_value\":\"0\",\"total_votes\":\"0\",\"meta_data\":{\"aperture\":\"F 1.8\",\"credit\":false,\"camera\":\"Canon PowerShot S120\",\"caption\":false,\"created_timestamp\":\"M\\u00e4rz 9, 2020 3:02 pm\",\"copyright\":false,\"focal_length\":\"5.2mm\",\"iso\":200,\"shutter_speed\":\"1\\\/20sec\",\"flash\":\"Not fired\",\"title\":false,\"keywords\":false,\"width\":1200,\"height\":900,\"saved\":true,\"thumbnail\":{\"width\":400,\"height\":300},\"webview\":{\"0\":1200,\"1\":900,\"2\":2,\"3\":\"width=\\\"1200\\\" height=\\\"900\\\"\",\"bits\":8,\"channels\":3,\"mime\":\"image\\\/jpeg\"}}}]}]}<\/script><\/div><noscript id=\"noscript_FlaGallery_sc1_2\"><img class=\"skip-lazy no-lazyload noLazy\" data-lazy-src=\"\" src =\"https:\/\/best-cellar-raz.de\/wp-content\/flagallery\/ingo\/8015af065f49.jpg\" alt=\"\" \/><img class=\"skip-lazy no-lazyload noLazy\" data-lazy-src=\"\" src =\"https:\/\/best-cellar-raz.de\/wp-content\/flagallery\/ingo\/best_cellar_raz_weilheim-17-von-34.jpg\" alt=\"\" \/><img class=\"skip-lazy no-lazyload noLazy\" data-lazy-src=\"\" src =\"https:\/\/best-cellar-raz.de\/wp-content\/flagallery\/ingo\/best_cellar_raz_weilheim-20-von-34.jpg\" alt=\"\" \/><img class=\"skip-lazy no-lazyload noLazy\" data-lazy-src=\"\" src =\"https:\/\/best-cellar-raz.de\/wp-content\/flagallery\/ingo\/img_8090.jpg\" alt=\"\" \/><img class=\"skip-lazy no-lazyload noLazy\" data-lazy-src=\"\" src =\"https:\/\/best-cellar-raz.de\/wp-content\/flagallery\/ingo\/img_8111.jpg\" alt=\"\" \/><img class=\"skip-lazy no-lazyload noLazy\" data-lazy-src=\"\" src =\"https:\/\/best-cellar-raz.de\/wp-content\/flagallery\/ingo\/img_e8130.jpg\" alt=\"\" \/><img class=\"skip-lazy no-lazyload noLazy\" data-lazy-src=\"\" src =\"https:\/\/best-cellar-raz.de\/wp-content\/flagallery\/ingo\/img_e8125.jpg\" alt=\"\" \/><img class=\"skip-lazy no-lazyload noLazy\" data-lazy-src=\"\" src =\"https:\/\/best-cellar-raz.de\/wp-content\/flagallery\/ingo\/img_8021.jpg\" alt=\"\" \/><img class=\"skip-lazy no-lazyload noLazy\" data-lazy-src=\"\" src =\"https:\/\/best-cellar-raz.de\/wp-content\/flagallery\/ingo\/img_9216.jpg\" alt=\"\" \/><img class=\"skip-lazy no-lazyload noLazy\" data-lazy-src=\"\" src =\"https:\/\/best-cellar-raz.de\/wp-content\/flagallery\/ingo\/img_9270.jpg\" alt=\"\" \/><img class=\"skip-lazy no-lazyload noLazy\" data-lazy-src=\"\" src =\"https:\/\/best-cellar-raz.de\/wp-content\/flagallery\/ingo\/img_9291.jpg\" alt=\"\" \/><img class=\"skip-lazy no-lazyload noLazy\" data-lazy-src=\"\" src =\"https:\/\/best-cellar-raz.de\/wp-content\/flagallery\/ingo\/img_9239.jpg\" alt=\"\" \/><img class=\"skip-lazy no-lazyload noLazy\" data-lazy-src=\"\" src =\"https:\/\/best-cellar-raz.de\/wp-content\/flagallery\/ingo\/img_9376.jpg\" alt=\"\" \/><img class=\"skip-lazy no-lazyload noLazy\" data-lazy-src=\"\" src =\"https:\/\/best-cellar-raz.de\/wp-content\/flagallery\/ingo\/img_9340.jpg\" alt=\"\" \/><img class=\"skip-lazy no-lazyload noLazy\" data-lazy-src=\"\" src =\"https:\/\/best-cellar-raz.de\/wp-content\/flagallery\/ingo\/img_8120.jpg\" alt=\"\" \/><img class=\"skip-lazy no-lazyload noLazy\" data-lazy-src=\"\" src =\"https:\/\/best-cellar-raz.de\/wp-content\/flagallery\/ingo\/snapshot4.jpg\" alt=\"\" \/><img class=\"skip-lazy no-lazyload noLazy\" data-lazy-src=\"\" src =\"https:\/\/best-cellar-raz.de\/wp-content\/flagallery\/ingo\/snapshot0.jpg\" alt=\"\" \/><img class=\"skip-lazy no-lazyload noLazy\" data-lazy-src=\"\" src =\"https:\/\/best-cellar-raz.de\/wp-content\/flagallery\/ingo\/img_e8560.jpg\" alt=\"\" \/><img class=\"skip-lazy no-lazyload noLazy\" data-lazy-src=\"\" src =\"https:\/\/best-cellar-raz.de\/wp-content\/flagallery\/ingo\/img_0617-4.jpg\" alt=\"\" \/><\/noscript><\/div>\n\n\n\n<p><\/p>\n","protected":false},"excerpt":{"rendered":"<p>Mit 12 begann ich Gitarre bei Otto Momberger zu studieren. Er f\u00fchrte mich an, in und um die Gitarre und zwar nach dem Motto: Gitarre von allen Seiten. Von ihm lernte ich Bilder, Phantasien und Tr\u00e4ume h\u00f6rbar zu machen. Experimentieren, jammen und improvisieren und auch mal andere Instrumente anfassen. Das war so mein Ding.&nbsp; Meine &hellip; <\/p>\n<p class=\"link-more\"><a href=\"https:\/\/best-cellar-raz.de\/index.php\/ingo\/\" class=\"more-link\"><span class=\"screen-reader-text\">\u201eIngo H\u00e4berlein\u201c<\/span> weiterlesen<\/a><\/p>\n","protected":false},"author":1,"featured_media":0,"parent":0,"menu_order":0,"comment_status":"closed","ping_status":"closed","template":"","meta":{"footnotes":""},"class_list":["post-64","page","type-page","status-publish","hentry"],"_links":{"self":[{"href":"https:\/\/best-cellar-raz.de\/index.php\/wp-json\/wp\/v2\/pages\/64","targetHints":{"allow":["GET"]}}],"collection":[{"href":"https:\/\/best-cellar-raz.de\/index.php\/wp-json\/wp\/v2\/pages"}],"about":[{"href":"https:\/\/best-cellar-raz.de\/index.php\/wp-json\/wp\/v2\/types\/page"}],"author":[{"embeddable":true,"href":"https:\/\/best-cellar-raz.de\/index.php\/wp-json\/wp\/v2\/users\/1"}],"replies":[{"embeddable":true,"href":"https:\/\/best-cellar-raz.de\/index.php\/wp-json\/wp\/v2\/comments?post=64"}],"version-history":[{"count":8,"href":"https:\/\/best-cellar-raz.de\/index.php\/wp-json\/wp\/v2\/pages\/64\/revisions"}],"predecessor-version":[{"id":187,"href":"https:\/\/best-cellar-raz.de\/index.php\/wp-json\/wp\/v2\/pages\/64\/revisions\/187"}],"wp:attachment":[{"href":"https:\/\/best-cellar-raz.de\/index.php\/wp-json\/wp\/v2\/media?parent=64"}],"curies":[{"name":"wp","href":"https:\/\/api.w.org\/{rel}","templated":true}]}}