{"id":51,"date":"2020-03-07T10:46:35","date_gmt":"2020-03-07T10:46:35","guid":{"rendered":"https:\/\/best-cellar-raz.de\/?page_id=51"},"modified":"2022-10-05T06:19:44","modified_gmt":"2022-10-05T06:19:44","slug":"sefan","status":"publish","type":"page","link":"https:\/\/best-cellar-raz.de\/index.php\/sefan\/","title":{"rendered":"Stefan Hartmann"},"content":{"rendered":"\n<p> In der\u00a0 Jugend\u00a0 mit der akustischen Gitarre auf den Spuren der damals bekannten Singer-\/Songwriter (von Reinhard Mey \u00fcber Cat Stevens bishin zu Simon&amp;Garfunkel und James Taylor). <\/p>\n\n\n\n<p>Nach jahrelangem gelegentlichen \u201eKlampfeln\u201c im Keller dann eher zuf\u00e4llig \u2013 quasi als Sp\u00e4tberufener &#8211; zur Rockmusik gekommen und das Musikzieren im Band-Kontext gelernt. Seit 2012 versuche ich &#8222;unseren&#8220;\u00a0 Songs eine Stimme zu geben \u2013 so nah wie m\u00f6glich am Original und trotzdem mit eigener Note.  Dabei tr\u00e4gt mich die Geschichte hinter dem jeweiligen Song durch das gesamte Lied Eine Entdeckungsfahrt, die\u00a0 immer wieder \u00fcberrascht und dabei stets Lust auf mehr macht. <\/p>\n\n\n\n<p>In der Formation der Best Cellar Raz sind wir seit 2014 auf dieser gemeinsamen Reise. Im \u00dcbungsraum und auch sehr gerne auf der B\u00fchne! Unsere Song-Perlen mit Spa\u00df und Leidenschaft zum Gl\u00e4nzen zu bringen treibt uns dabei immer wieder an.<\/p>\n\n\n\n<p> <a href=\"mailto:ingo@best-cellar-raz.de\">mailto:stefan@best-cellar-raz.de<\/a> <\/p>\n\n\n\n<div class=\"wp-block-flagallery-gallery flagallery-shortcode\"><div class=\"flagallery amron_skin\" id=\"FlaGallery_sc1_1\" ><style type=\"text\/css\" class=\"flagallery_skin_style_import\">body > .flagallery-wrapper > div.flagallery { overflow: visible !important; }<\/style><script type=\"application\/json\" class=\"FlaGallery_sc1_1\">{\"settings\":{\"collectionThumbColumns\":\"3\",\"collectionThumbRecomendedWidth\":\"260\",\"collectionPreloaderColor\":\"#333333\",\"linkTargetWindow\":\"_blank\",\"thumbSpacing\":\"10\",\"tagsFilter\":\"0\",\"tagCloudSort\":\"1\",\"tagCloudAll\":\"All\",\"tagCloudAllTagPresented\":\"1\",\"tagCloudStartIndex\":\"0\",\"tagCloudTextColor\":\"#000000\",\"tagCloudBgColor\":\"#eeeeee\",\"collectionThumbHoverColor\":\"rgba(0, 0, 0, .7)\",\"collectionThumbContentBGColor\":\"rgba(245,245,245,1)\",\"collectionThumbTitleShow\":\"1\",\"collectionThumbTitleColor\":\"rgba(0,0,0,1)\",\"collectionThumbFontSize\":\"18\",\"collectionThumbDescriptionShow\":\"1\",\"collectionThumbDescriptionColor\":\"rgba(0,0,0,1)\",\"collectionThumbDescriptionFontSize\":\"15\",\"collectionReadMoreButtonLabel\":\"Read More\",\"collectionReadMoreButtonLabelColor\":\"rgba(255, 255, 255, 1)\",\"collectionReadMoreButtonBGColor\":\"rgba(0, 0, 0, 1)\",\"collectionReadMoreButtonLabelColorHover\":\"rgba(0, 0, 0, 1)\",\"collectionReadMoreButtonBGColorHover\":\"rgba(235,235,235,1)\",\"modaBgColor\":\"rgba(0,0,0,0.9)\",\"modalInfoBoxBgColor\":\"rgba(255,255,255,1)\",\"modalInfoBoxTitleTextColor\":\"rgba(0,0,0,1)\",\"modalInfoBoxTextColor\":\"rgba(70,70,70,1)\",\"infoBarExifEnable\":\"0\",\"infoBarCountersEnable\":\"1\",\"infoBarDateInfoEnable\":\"1\",\"lightBoxEnable\":\"1\",\"copyR_Protection\":\"0\",\"copyR_Alert\":\"Hello, this photo is mine!\",\"sliderScrollNavi\":\"0\",\"sliderNextPrevAnimation\":\"animation\",\"sliderPreloaderColor\":\"#ffffff\",\"sliderBgColor\":\"rgba(0,0,0,0.8)\",\"sliderHeaderFooterBgColor\":\"#000000\",\"sliderNavigationColor\":\"rgba(0,0,0,1)\",\"sliderNavigationIconColor\":\"rgba(255,255,255,1)\",\"sliderNavigationColorOver\":\"rgba(255,255,255,1)\",\"sliderNavigationIconColorOver\":\"rgba(0,0,0,1)\",\"sliderItemTitleEnable\":\"1\",\"sliderItemTitleFontSize\":\"24\",\"sliderItemTitleTextColor\":\"#ffffff\",\"sliderThumbBarEnable\":\"0\",\"sliderThumbBarHoverColor\":\"#ffffff\",\"sliderThumbSubMenuBackgroundColor\":\"rgba(0,0,0,1)\",\"sliderThumbSubMenuBackgroundColorOver\":\"rgba(255,255,255,1)\",\"sliderThumbSubMenuIconColor\":\"rgba(255,255,255,1)\",\"sliderThumbSubMenuIconHoverColor\":\"rgba(0,0,0,1)\",\"sliderPlayButton\":\"0\",\"slideshowDelay\":\"8\",\"slideshowProgressBarColor\":\"rgba(255,255,255,1)\",\"slideshowProgressBarBGColor\":\"rgba(255,255,255,0.6)\",\"sliderInfoEnable\":\"1\",\"sliderZoomButton\":\"1\",\"sliderItemDownload\":\"0\",\"sliderSocialShareEnabled\":\"1\",\"sliderLikesEnabled\":\"1\",\"sliderFullScreen\":\"1\",\"customCSS\":\"body > .flagallery-wrapper > div.flagallery { overflow: visible !important; }\",\"key\":\"\",\"name\":\"\",\"galleryID\":\"sc1_1\",\"post_url\":\"https:\\\/\\\/best-cellar-raz.de\\\/wp-json\\\/wp\\\/v2\\\/pages\\\/51\",\"module_url\":\"https:\\\/\\\/best-cellar-raz.de\\\/wp-content\\\/plugins\\\/flagallery-skins\\\/amron\\\/\"}, \"data\":[{\"gallery\":{\"gid\":\"1\",\"name\":\"stefan\",\"path\":\"https:\\\/\\\/best-cellar-raz.de\\\/wp-content\\\/flagallery\\\/stefan\",\"title\":\"Stefan\",\"galdesc\":\"\"},\"data\":[{\"pid\":\"1\",\"filename\":\"img_9218_medium.jpg\",\"description\":\"\",\"alttext\":\"\",\"link\":\"\",\"imagedate\":\"2017-12-04 21:33:08\",\"hitcounter\":\"24\",\"total_value\":\"0\",\"total_votes\":\"0\",\"meta_data\":{\"aperture\":\"F 1.8\",\"credit\":false,\"camera\":\"Canon EOS 7D\",\"caption\":false,\"created_timestamp\":\"M\\u00e4rz 7, 2020 1:55 pm\",\"copyright\":false,\"focal_length\":\"50mm\",\"iso\":640,\"shutter_speed\":\"1\\\/80sec\",\"flash\":\"Not fired\",\"title\":false,\"keywords\":false,\"width\":1200,\"height\":800,\"saved\":true,\"thumbnail\":{\"width\":400,\"height\":266},\"webview\":{\"0\":1200,\"1\":800,\"2\":2,\"3\":\"width=\\\"1200\\\" height=\\\"800\\\"\",\"bits\":8,\"channels\":3,\"mime\":\"image\\\/jpeg\"}}},{\"pid\":\"2\",\"filename\":\"img_9198_medium.jpg\",\"description\":\"\",\"alttext\":\"\",\"link\":\"\",\"imagedate\":\"2017-12-04 21:31:51\",\"hitcounter\":\"21\",\"total_value\":\"0\",\"total_votes\":\"0\",\"meta_data\":{\"aperture\":\"F 1.8\",\"credit\":false,\"camera\":\"Canon EOS 7D\",\"caption\":false,\"created_timestamp\":\"M\\u00e4rz 7, 2020 1:54 pm\",\"copyright\":false,\"focal_length\":\"50mm\",\"iso\":640,\"shutter_speed\":\"1\\\/130sec\",\"flash\":\"Not fired\",\"title\":false,\"keywords\":false,\"width\":800,\"height\":1200,\"saved\":true,\"thumbnail\":{\"width\":266,\"height\":400},\"webview\":{\"0\":800,\"1\":1200,\"2\":2,\"3\":\"width=\\\"800\\\" height=\\\"1200\\\"\",\"bits\":8,\"channels\":3,\"mime\":\"image\\\/jpeg\"}}},{\"pid\":\"3\",\"filename\":\"img_9196_medium.jpg\",\"description\":\"\",\"alttext\":\"\",\"link\":\"\",\"imagedate\":\"2017-12-04 21:30:36\",\"hitcounter\":\"20\",\"total_value\":\"0\",\"total_votes\":\"0\",\"meta_data\":{\"aperture\":\"F 1.8\",\"credit\":false,\"camera\":\"Canon EOS 7D\",\"caption\":false,\"created_timestamp\":\"M\\u00e4rz 7, 2020 1:52 pm\",\"copyright\":false,\"focal_length\":\"50mm\",\"iso\":640,\"shutter_speed\":\"1\\\/130sec\",\"flash\":\"Not fired\",\"title\":false,\"keywords\":false,\"width\":1037,\"height\":1555,\"saved\":true,\"thumbnail\":{\"width\":266,\"height\":400},\"webview\":{\"0\":1037,\"1\":1555,\"2\":2,\"3\":\"width=\\\"1037\\\" height=\\\"1555\\\"\",\"bits\":8,\"channels\":3,\"mime\":\"image\\\/jpeg\"}}},{\"pid\":\"4\",\"filename\":\"snapshot11.jpg\",\"description\":\"\",\"alttext\":\"\",\"link\":\"\",\"imagedate\":\"2020-03-07 14:19:55\",\"hitcounter\":\"20\",\"total_value\":\"0\",\"total_votes\":\"0\",\"meta_data\":{\"aperture\":false,\"credit\":false,\"camera\":false,\"caption\":false,\"created_timestamp\":false,\"copyright\":false,\"focal_length\":false,\"iso\":false,\"shutter_speed\":false,\"flash\":false,\"title\":false,\"keywords\":false,\"width\":1920,\"height\":1080,\"saved\":true,\"thumbnail\":{\"width\":400,\"height\":225},\"webview\":{\"0\":1920,\"1\":1080,\"2\":2,\"3\":\"width=\\\"1920\\\" height=\\\"1080\\\"\",\"bits\":8,\"channels\":3,\"mime\":\"image\\\/jpeg\"}}},{\"pid\":\"5\",\"filename\":\"best_cellar_raz_weilheim-5-von-34.jpg\",\"description\":\"\",\"alttext\":\"\",\"link\":\"\",\"imagedate\":\"2019-01-12 20:42:49\",\"hitcounter\":\"26\",\"total_value\":\"0\",\"total_votes\":\"0\",\"meta_data\":{\"aperture\":\"F 2.5\",\"credit\":false,\"camera\":\"ILCE-6500\",\"caption\":false,\"created_timestamp\":\"M\\u00e4rz 7, 2020 2:55 pm\",\"copyright\":false,\"focal_length\":\"50mm\",\"iso\":1250,\"shutter_speed\":\"1\\\/130sec\",\"flash\":\"Not fired\",\"title\":false,\"keywords\":false,\"width\":1200,\"height\":800,\"saved\":true,\"thumbnail\":{\"width\":400,\"height\":266},\"webview\":{\"0\":1200,\"1\":800,\"2\":2,\"3\":\"width=\\\"1200\\\" height=\\\"800\\\"\",\"bits\":8,\"channels\":3,\"mime\":\"image\\\/jpeg\"}}},{\"pid\":\"6\",\"filename\":\"best_cellar_raz_weilheim-28-von-34.jpg\",\"description\":\"\",\"alttext\":\"\",\"link\":\"\",\"imagedate\":\"2019-01-12 21:55:50\",\"hitcounter\":\"22\",\"total_value\":\"0\",\"total_votes\":\"0\",\"meta_data\":{\"aperture\":\"F 6.3\",\"credit\":false,\"camera\":\"ILCE-6500\",\"caption\":false,\"created_timestamp\":\"M\\u00e4rz 7, 2020 2:55 pm\",\"copyright\":false,\"focal_length\":\"210mm\",\"iso\":6400,\"shutter_speed\":\"1\\\/60sec\",\"flash\":\"Not fired\",\"title\":false,\"keywords\":false,\"width\":1200,\"height\":800,\"saved\":true,\"thumbnail\":{\"width\":400,\"height\":266},\"webview\":{\"0\":1200,\"1\":800,\"2\":2,\"3\":\"width=\\\"1200\\\" height=\\\"800\\\"\",\"bits\":8,\"channels\":3,\"mime\":\"image\\\/jpeg\"}}},{\"pid\":\"7\",\"filename\":\"best_cellar_raz_weilheim-31-von-34.jpg\",\"description\":\"\",\"alttext\":\"\",\"link\":\"\",\"imagedate\":\"2019-01-12 21:57:11\",\"hitcounter\":\"21\",\"total_value\":\"0\",\"total_votes\":\"0\",\"meta_data\":{\"aperture\":\"F 6.3\",\"credit\":false,\"camera\":\"ILCE-6500\",\"caption\":false,\"created_timestamp\":\"M\\u00e4rz 7, 2020 2:55 pm\",\"copyright\":false,\"focal_length\":\"208mm\",\"iso\":6400,\"shutter_speed\":\"1\\\/160sec\",\"flash\":\"Not fired\",\"title\":false,\"keywords\":false,\"width\":800,\"height\":1200,\"saved\":true,\"thumbnail\":{\"width\":266,\"height\":400},\"webview\":{\"0\":800,\"1\":1200,\"2\":2,\"3\":\"width=\\\"800\\\" height=\\\"1200\\\"\",\"bits\":8,\"channels\":3,\"mime\":\"image\\\/jpeg\"}}},{\"pid\":\"8\",\"filename\":\"best_cellar_raz_weilheim-29-von-34.jpg\",\"description\":\"\",\"alttext\":\"\",\"link\":\"\",\"imagedate\":\"2019-01-12 21:55:55\",\"hitcounter\":\"21\",\"total_value\":\"0\",\"total_votes\":\"0\",\"meta_data\":{\"aperture\":\"F 6.3\",\"credit\":false,\"camera\":\"ILCE-6500\",\"caption\":false,\"created_timestamp\":\"M\\u00e4rz 7, 2020 2:55 pm\",\"copyright\":false,\"focal_length\":\"210mm\",\"iso\":6400,\"shutter_speed\":\"1\\\/60sec\",\"flash\":\"Not fired\",\"title\":false,\"keywords\":false,\"width\":1200,\"height\":800,\"saved\":true,\"thumbnail\":{\"width\":400,\"height\":266},\"webview\":{\"0\":1200,\"1\":800,\"2\":2,\"3\":\"width=\\\"1200\\\" height=\\\"800\\\"\",\"bits\":8,\"channels\":3,\"mime\":\"image\\\/jpeg\"}}}]}]}<\/script><\/div><noscript id=\"noscript_FlaGallery_sc1_1\"><img class=\"skip-lazy no-lazyload noLazy\" data-lazy-src=\"\" src =\"https:\/\/best-cellar-raz.de\/wp-content\/flagallery\/stefan\/img_9218_medium.jpg\" alt=\"\" \/><img class=\"skip-lazy no-lazyload noLazy\" data-lazy-src=\"\" src =\"https:\/\/best-cellar-raz.de\/wp-content\/flagallery\/stefan\/img_9198_medium.jpg\" alt=\"\" \/><img class=\"skip-lazy no-lazyload noLazy\" data-lazy-src=\"\" src =\"https:\/\/best-cellar-raz.de\/wp-content\/flagallery\/stefan\/img_9196_medium.jpg\" alt=\"\" \/><img class=\"skip-lazy no-lazyload noLazy\" data-lazy-src=\"\" src =\"https:\/\/best-cellar-raz.de\/wp-content\/flagallery\/stefan\/snapshot11.jpg\" alt=\"\" \/><img class=\"skip-lazy no-lazyload noLazy\" data-lazy-src=\"\" src =\"https:\/\/best-cellar-raz.de\/wp-content\/flagallery\/stefan\/best_cellar_raz_weilheim-5-von-34.jpg\" alt=\"\" \/><img class=\"skip-lazy no-lazyload noLazy\" data-lazy-src=\"\" src =\"https:\/\/best-cellar-raz.de\/wp-content\/flagallery\/stefan\/best_cellar_raz_weilheim-28-von-34.jpg\" alt=\"\" \/><img class=\"skip-lazy no-lazyload noLazy\" data-lazy-src=\"\" src =\"https:\/\/best-cellar-raz.de\/wp-content\/flagallery\/stefan\/best_cellar_raz_weilheim-31-von-34.jpg\" alt=\"\" \/><img class=\"skip-lazy no-lazyload noLazy\" data-lazy-src=\"\" src =\"https:\/\/best-cellar-raz.de\/wp-content\/flagallery\/stefan\/best_cellar_raz_weilheim-29-von-34.jpg\" alt=\"\" \/><\/noscript><\/div>\n\n\n\n<p><\/p>\n","protected":false},"excerpt":{"rendered":"<p>In der\u00a0 Jugend\u00a0 mit der akustischen Gitarre auf den Spuren der damals bekannten Singer-\/Songwriter (von Reinhard Mey \u00fcber Cat Stevens bishin zu Simon&amp;Garfunkel und James Taylor). Nach jahrelangem gelegentlichen \u201eKlampfeln\u201c im Keller dann eher zuf\u00e4llig \u2013 quasi als Sp\u00e4tberufener &#8211; zur Rockmusik gekommen und das Musikzieren im Band-Kontext gelernt. Seit 2012 versuche ich &#8222;unseren&#8220;\u00a0 Songs &hellip; <\/p>\n<p class=\"link-more\"><a href=\"https:\/\/best-cellar-raz.de\/index.php\/sefan\/\" class=\"more-link\"><span class=\"screen-reader-text\">\u201eStefan Hartmann\u201c<\/span> weiterlesen<\/a><\/p>\n","protected":false},"author":1,"featured_media":0,"parent":0,"menu_order":0,"comment_status":"closed","ping_status":"closed","template":"","meta":{"footnotes":""},"class_list":["post-51","page","type-page","status-publish","hentry"],"_links":{"self":[{"href":"https:\/\/best-cellar-raz.de\/index.php\/wp-json\/wp\/v2\/pages\/51","targetHints":{"allow":["GET"]}}],"collection":[{"href":"https:\/\/best-cellar-raz.de\/index.php\/wp-json\/wp\/v2\/pages"}],"about":[{"href":"https:\/\/best-cellar-raz.de\/index.php\/wp-json\/wp\/v2\/types\/page"}],"author":[{"embeddable":true,"href":"https:\/\/best-cellar-raz.de\/index.php\/wp-json\/wp\/v2\/users\/1"}],"replies":[{"embeddable":true,"href":"https:\/\/best-cellar-raz.de\/index.php\/wp-json\/wp\/v2\/comments?post=51"}],"version-history":[{"count":9,"href":"https:\/\/best-cellar-raz.de\/index.php\/wp-json\/wp\/v2\/pages\/51\/revisions"}],"predecessor-version":[{"id":190,"href":"https:\/\/best-cellar-raz.de\/index.php\/wp-json\/wp\/v2\/pages\/51\/revisions\/190"}],"wp:attachment":[{"href":"https:\/\/best-cellar-raz.de\/index.php\/wp-json\/wp\/v2\/media?parent=51"}],"curies":[{"name":"wp","href":"https:\/\/api.w.org\/{rel}","templated":true}]}}